{"id":23,"date":"2026-02-03T23:06:53","date_gmt":"2026-02-03T23:06:53","guid":{"rendered":"https:\/\/tanjas-reiten.de\/?page_id=23"},"modified":"2026-02-10T13:39:07","modified_gmt":"2026-02-10T13:39:07","slug":"woechentliches-reiten","status":"publish","type":"page","link":"https:\/\/tanjas-reiten.de\/?page_id=23","title":{"rendered":"Information Reiten"},"content":{"rendered":"<h2 data-start=\"161\" data-end=\"186\">Wichtige Informationen<\/h2>\n<ul data-start=\"188\" data-end=\"388\">\n<li data-start=\"188\" data-end=\"243\">\n<p data-start=\"190\" data-end=\"243\">Unsere <strong data-start=\"197\" data-end=\"240\">Ponys und Pferde tragen bis zu 80\u201385 kg<\/strong>.<\/p>\n<\/li>\n<li data-start=\"244\" data-end=\"326\">\n<p data-start=\"246\" data-end=\"326\">Die <strong data-start=\"250\" data-end=\"295\">Teilnahme am w\u00f6chentlichen Reitunterricht<\/strong> ist <strong data-start=\"300\" data-end=\"315\">ab 8 Jahren<\/strong> m\u00f6glich.<\/p>\n<\/li>\n<li data-start=\"327\" data-end=\"388\">\n<p data-start=\"329\" data-end=\"388\"><strong data-start=\"329\" data-end=\"344\">Ferienkurse<\/strong> sind <strong data-start=\"350\" data-end=\"365\">ab 5 Jahren<\/strong> f\u00fcr alle Kinder offen.<\/p>\n<\/li>\n<\/ul>\n<hr data-start=\"390\" data-end=\"393\" \/>\n<h2 data-start=\"395\" data-end=\"429\">Ferienkurse \u2013 Ablauf &amp; Hinweise<\/h2>\n<ul data-start=\"431\" data-end=\"670\">\n<li data-start=\"431\" data-end=\"478\">\n<p data-start=\"433\" data-end=\"478\"><strong data-start=\"433\" data-end=\"445\">Ankunft:<\/strong> zwischen <strong data-start=\"455\" data-end=\"476\">9:00 und 9:30 Uhr<\/strong><\/p>\n<\/li>\n<li data-start=\"479\" data-end=\"511\">\n<p data-start=\"481\" data-end=\"511\"><strong data-start=\"481\" data-end=\"494\">Abholung:<\/strong> ab <strong data-start=\"498\" data-end=\"511\">13:00 Uhr<\/strong><\/p>\n<\/li>\n<li data-start=\"513\" data-end=\"583\">\n<p data-start=\"515\" data-end=\"583\">Bitte ein <strong data-start=\"525\" data-end=\"546\">kleines Fr\u00fchst\u00fcck<\/strong> und <strong data-start=\"551\" data-end=\"571\">etwas zu trinken<\/strong> mitgeben.<\/p>\n<\/li>\n<li data-start=\"584\" data-end=\"670\">\n<p data-start=\"586\" data-end=\"670\"><strong data-start=\"586\" data-end=\"624\">Wetterangepasste, bequeme Kleidung<\/strong> sowie <strong data-start=\"631\" data-end=\"651\">festes Schuhwerk<\/strong> sind erforderlich.<\/p>\n<\/li>\n<\/ul>\n<hr data-start=\"672\" data-end=\"675\" \/>\n<h2 data-start=\"677\" data-end=\"704\">Anmeldung &amp; Organisation<\/h2>\n<ul data-start=\"706\" data-end=\"1043\">\n<li data-start=\"706\" data-end=\"813\">\n<p data-start=\"708\" data-end=\"813\">F\u00fcr die Ferienkurse ist eine <strong data-start=\"737\" data-end=\"759\">Anzahlung von 60 \u20ac<\/strong> bei Anmeldung zur <strong data-start=\"778\" data-end=\"799\">Platzreservierung<\/strong> zu leisten.<\/p>\n<\/li>\n<li data-start=\"814\" data-end=\"893\">\n<p data-start=\"816\" data-end=\"893\">Jedes Kind hat w\u00e4hrend der gesamten Woche <strong data-start=\"858\" data-end=\"879\">sein eigenes Pony<\/strong> zum Reiten.<\/p>\n<\/li>\n<li data-start=\"894\" data-end=\"949\">\n<p data-start=\"896\" data-end=\"949\">Das <strong data-start=\"900\" data-end=\"946\">Putzen der Ponys erfolgt gemeinsam im Team<\/strong>.<\/p>\n<\/li>\n<li data-start=\"950\" data-end=\"1043\">\n<p data-start=\"952\" data-end=\"1043\">Die Ferienkurse sind <strong data-start=\"973\" data-end=\"1001\">f\u00fcr alle Kinder geeignet<\/strong>, egal ob <strong data-start=\"1011\" data-end=\"1042\">mit oder ohne Reiterfahrung<\/strong>.<\/p>\n<\/li>\n<\/ul>\n","protected":false},"excerpt":{"rendered":"<p>Wichtige Informationen Unsere Ponys und Pferde tragen bis zu 80\u201385 kg. Die Teilnahme am w\u00f6chentlichen Reitunterricht ist ab 8 Jahren m\u00f6glich. Ferienkurse sind ab 5 Jahren f\u00fcr alle Kinder offen.&hellip;<\/p>\n","protected":false},"author":1,"featured_media":0,"parent":0,"menu_order":0,"comment_status":"closed","ping_status":"closed","template":"","meta":{"footnotes":""},"class_list":["post-23","page","type-page","status-publish","hentry"],"_links":{"self":[{"href":"https:\/\/tanjas-reiten.de\/index.php?rest_route=\/wp\/v2\/pages\/23","targetHints":{"allow":["GET"]}}],"collection":[{"href":"https:\/\/tanjas-reiten.de\/index.php?rest_route=\/wp\/v2\/pages"}],"about":[{"href":"https:\/\/tanjas-reiten.de\/index.php?rest_route=\/wp\/v2\/types\/page"}],"author":[{"embeddable":true,"href":"https:\/\/tanjas-reiten.de\/index.php?rest_route=\/wp\/v2\/users\/1"}],"replies":[{"embeddable":true,"href":"https:\/\/tanjas-reiten.de\/index.php?rest_route=%2Fwp%2Fv2%2Fcomments&post=23"}],"version-history":[{"count":7,"href":"https:\/\/tanjas-reiten.de\/index.php?rest_route=\/wp\/v2\/pages\/23\/revisions"}],"predecessor-version":[{"id":180,"href":"https:\/\/tanjas-reiten.de\/index.php?rest_route=\/wp\/v2\/pages\/23\/revisions\/180"}],"wp:attachment":[{"href":"https:\/\/tanjas-reiten.de\/index.php?rest_route=%2Fwp%2Fv2%2Fmedia&parent=23"}],"curies":[{"name":"wp","href":"https:\/\/api.w.org\/{rel}","templated":true}]}}